{"id":349,"date":"2025-01-24T14:41:13","date_gmt":"2025-01-24T14:41:13","guid":{"rendered":"https:\/\/www.nursingtherapistsexcellence.org\/partners\/"},"modified":"2026-01-22T13:00:10","modified_gmt":"2026-01-22T13:00:10","slug":"partners","status":"publish","type":"page","link":"https:\/\/www.nursingtherapistsexcellence.org\/fr\/partners\/","title":{"rendered":"Partenaires"},"content":{"rendered":"\n<ul class=\"wp-block-list\">\n<li><strong>Minist\u00e8re de la Sant\u00e9, Arm\u00e9nie<\/strong><\/li>\n\n\n\n<li><strong>Institut national de la sant\u00e9, Arm\u00e9nie<\/strong><\/li>\n\n\n\n<li><strong>Fondation SEMRA Plus, Suisse<\/strong><\/li>\n\n\n\n<li><strong>Fonds pour le secours aux Arm\u00e9niens<\/strong><\/li>\n\n\n\n<li><strong>HES-SO Haute \u00e9cole sp\u00e9cialis\u00e9e de Suisse occidentale<\/strong><\/li>\n\n\n\n<li><strong>H\u00f4pital universitaire de Zurich<\/strong><\/li>\n\n\n\n<li><strong>H\u00f4pitaux universitaires de Gen\u00e8ve<\/strong><\/li>\n\n\n\n<li><strong>Experts internationaux<\/strong><\/li>\n\n\n\n<li><strong>Arabkir Medical Center<\/strong> &nbsp;<\/li>\n\n\n\n<li><strong>Hospitals in Yerevan and the Regions<\/strong><\/li>\n<\/ul>\n\n\n\n<p><\/p>\n","protected":false},"excerpt":{"rendered":"","protected":false},"author":1,"featured_media":0,"parent":0,"menu_order":0,"comment_status":"closed","ping_status":"closed","template":"full-width.php","meta":{"footnotes":""},"class_list":["post-349","page","type-page","status-publish","hentry"],"_links":{"self":[{"href":"https:\/\/www.nursingtherapistsexcellence.org\/fr\/wp-json\/wp\/v2\/pages\/349","targetHints":{"allow":["GET"]}}],"collection":[{"href":"https:\/\/www.nursingtherapistsexcellence.org\/fr\/wp-json\/wp\/v2\/pages"}],"about":[{"href":"https:\/\/www.nursingtherapistsexcellence.org\/fr\/wp-json\/wp\/v2\/types\/page"}],"author":[{"embeddable":true,"href":"https:\/\/www.nursingtherapistsexcellence.org\/fr\/wp-json\/wp\/v2\/users\/1"}],"replies":[{"embeddable":true,"href":"https:\/\/www.nursingtherapistsexcellence.org\/fr\/wp-json\/wp\/v2\/comments?post=349"}],"version-history":[{"count":5,"href":"https:\/\/www.nursingtherapistsexcellence.org\/fr\/wp-json\/wp\/v2\/pages\/349\/revisions"}],"predecessor-version":[{"id":1257,"href":"https:\/\/www.nursingtherapistsexcellence.org\/fr\/wp-json\/wp\/v2\/pages\/349\/revisions\/1257"}],"wp:attachment":[{"href":"https:\/\/www.nursingtherapistsexcellence.org\/fr\/wp-json\/wp\/v2\/media?parent=349"}],"curies":[{"name":"wp","href":"https:\/\/api.w.org\/{rel}","templated":true}]}}