{"id":291,"date":"2025-01-23T12:56:17","date_gmt":"2025-01-23T12:56:17","guid":{"rendered":"https:\/\/www.nursingtherapistsexcellence.org\/about-us\/"},"modified":"2025-03-20T10:35:50","modified_gmt":"2025-03-20T10:35:50","slug":"about-us","status":"publish","type":"page","link":"https:\/\/www.nursingtherapistsexcellence.org\/fr\/about-us\/","title":{"rendered":"\u00c0 propos de nous"},"content":{"rendered":"\n<div class=\"wp-block-media-text is-stacked-on-mobile\"><figure class=\"wp-block-media-text__media\"><img loading=\"lazy\" decoding=\"async\" width=\"290\" height=\"178\" src=\"https:\/\/www.nursingtherapistsexcellence.org\/wp-content\/uploads\/2024\/10\/Latest-News3.png\" alt=\"\" class=\"wp-image-37 size-full\"\/><\/figure><div class=\"wp-block-media-text__content\">\n<h2 class=\"wp-block-heading\">\u0548\u057e \u0565\u0576\u0584 \u0574\u0565\u0576\u0584<\/h2>\n\n\n\n<p>\u00ab\u0532\u0578\u0582\u056a\u0584\u0578\u0582\u0575\u0580\u0565\u0580\u056b \u0587 \u0539\u0565\u0580\u0561\u057a\u056b\u057d\u057f\u0576\u0565\u0580\u056b \u0563\u0565\u0580\u0561\u0566\u0561\u0576\u0581\u0578\u0582\u0569\u0575\u0561\u0576 \u056f\u0565\u0576\u057f\u0580\u0578\u0576\u00bb-\u0568 \u0561\u057c\u0578\u0572\u057b\u0561\u057a\u0561\u0570\u0578\u0582\u0569\u0575\u0561\u0576 \u0578\u056c\u0578\u0580\u057f\u0578\u0582\u0574 \u0574\u0561\u057d\u0576\u0561\u0563\u056b\u057f\u0561\u056f\u0561\u0576 \u0577\u0561\u0580\u0578\u0582\u0576\u0561\u056f\u0561\u056f\u0561\u0576 \u056f\u0580\u0569\u0578\u0582\u0569\u0575\u0561\u0576 \u056f\u0565\u0576\u057f\u0580\u0578\u0576 \u0567` \u0578\u0582\u0572\u0572\u057e\u0561\u056e \u0540\u0561\u0575\u0561\u057d\u057f\u0561\u0576\u056b \u0570\u0561\u0576\u0580\u0561\u057a\u0565\u057f\u0578\u0582\u0569\u0575\u0578\u0582\u0576\u0578\u0582\u0574 \u0562\u0578\u0582\u056a\u0584\u0578\u0582\u0575\u0580\u0565\u0580\u056b, \u057f\u0565\u056d\u0576\u056b\u056f\u0576\u0565\u0580\u056b, \u0569\u0565\u0580\u0561\u057a\u056b\u057d\u057f\u0576\u0565\u0580\u056b \/\u057e\u0565\u0580\u0561\u056f\u0561\u0576\u0563\u0576\u0578\u0572\u0561\u056f\u0561\u0576\/ \u0574\u0561\u057d\u0576\u0561\u0563\u056b\u057f\u0561\u056f\u0561\u0576 \u0577\u0561\u0580\u0578\u0582\u0576\u0561\u056f\u0561\u056f\u0561\u0576 \u0566\u0561\u0580\u0563\u0561\u0581\u0574\u0561\u0576\u0576 \u0578\u0582 \u0574\u0561\u057d\u0576\u0561\u0563\u056b\u057f\u0561\u0581\u0574\u0561\u0576\u0568:&nbsp;<\/p>\n\n\n\n<p>\u0544\u0565\u0580 \u0570\u056b\u0574\u0576\u0561\u0564\u056b\u0580\u0576\u0565\u0580\u0576 \u0565\u0576.&nbsp; \u054d\u0535\u0544\u054c\u0531 \u054a\u056c\u0575\u0578\u0582\u057d \u0570\u056b\u0574\u0576\u0561\u0564\u0580\u0561\u0574 \/\u0547\u057e\u0565\u0575\u0581\u0561\u0580\u056b\u0561\/ &nbsp;\u0587 \u00ab\u0531\u0580\u0561\u0562\u056f\u056b\u0580\u00bb &nbsp;\u0544\u056b\u0561\u0581\u0575\u0561\u056c \u0574\u0561\u0576\u056f\u0561\u056f\u0561\u0576 \u0562\u0561\u0580\u0565\u0563\u0578\u0580\u056e\u0561\u056f\u0561\u0576 \u0570\u056b\u0574\u0576\u0561\u0564\u0580\u0561\u0574 \/\u0540\u0561\u0575\u0561\u057d\u057f\u0561\u0576\/:<\/p>\n<\/div><\/div>\n\n\n\n<div class=\"wp-block-media-text has-media-on-the-right is-stacked-on-mobile\"><div class=\"wp-block-media-text__content\">\n<h2 class=\"wp-block-heading\">\u0531\u057c\u0561\u0584\u0565\u056c\u0578\u0582\u0569\u0575\u0578\u0582\u0576<\/h2>\n\n\n\n<p>\u0544\u0565\u0580 \u0561\u057c\u0561\u0584\u0565\u056c\u0578\u0582\u0569\u0575\u0578\u0582\u0576\u0576 \u0567 \u057e\u0565\u0580\u0561\u0583\u0578\u056d\u0565\u056c \u056f\u0580\u0569\u0578\u0582\u0569\u0575\u0561\u0576 \u0578\u056c\u0578\u0580\u057f\u0568 \u0562\u0578\u0582\u056a\u0584\u0578\u0582\u0575\u0580\u0565\u0580\u056b \u0587 \u057e\u0565\u0580\u0561\u056f\u0561\u0576\u0563\u0576\u0578\u0572\u0561\u056f\u0561\u0576 \u0569\u0565\u0580\u0561\u057a\u056b\u057d\u057f\u0576\u0565\u0580\u056b \u0570\u0561\u0574\u0561\u0580\u055d \u0570\u0561\u0574\u0561\u0564\u0580\u0565\u056c\u0578\u057e \u0576\u0578\u0580\u0561\u0580\u0561\u0580\u0578\u0582\u0569\u0575\u0578\u0582\u0576\u0568, \u057f\u0565\u056d\u0576\u0578\u056c\u0578\u0563\u056b\u0561\u0576\u0565\u0580\u0568 \u0587 \u057a\u0561\u0581\u056b\u0565\u0576\u057f\u0561\u056f\u0565\u0576\u057f\u0580\u0578\u0576 \u0574\u0578\u057f\u0565\u0581\u0578\u0582\u0574\u0568\u0589&nbsp;<\/p>\n\n\n\n<p>\u0544\u0565\u0580 \u0576\u057a\u0561\u057f\u0561\u056f\u0576 \u0567 \u056f\u0580\u0569\u0565\u056c&nbsp; &nbsp;\u0576\u0578\u0580 \u057d\u0565\u0580\u0576\u0564\u056b \u0574\u0561\u057d\u0576\u0561\u0563\u0565\u057f\u0576\u0565\u0580, \u0578\u0580\u0578\u0576\u0584 \u056f\u0578\u0582\u0576\u0565\u0576\u0561\u0576 \u0578\u0579 \u0574\u056b\u0561\u0575\u0576 \u0561\u0576\u0570\u0580\u0561\u056a\u0565\u0577\u057f \u056f\u056c\u056b\u0576\u056b\u056f\u0561\u056f\u0561\u0576 \u0570\u0574\u057f\u0578\u0582\u0569\u0575\u0578\u0582\u0576\u0576\u0565\u0580, \u0561\u0575\u056c\u0587 \u057f\u0578\u056f\u0578\u0582\u0576\u0578\u0582\u0569\u0575\u0578\u0582\u0576 \u0587 \u0570\u0561\u0580\u0574\u0561\u0580\u057e\u0578\u0572\u0561\u056f\u0561\u0576\u0578\u0582\u0569\u0575\u0578\u0582\u0576\u055d \u0570\u0561\u057b\u0578\u0572\u0565\u056c\u0578\u0582 \u0561\u057c\u0578\u0572\u057b\u0561\u057a\u0561\u0570\u0578\u0582\u0569\u0575\u0561\u0576 \u0574\u0577\u057f\u0561\u057a\u0565\u057d \u0583\u0578\u0583\u0578\u056d\u057e\u0578\u0572 \u0561\u0577\u056d\u0561\u0580\u0570\u0578\u0582\u0574\u0589<\/p>\n<\/div><figure class=\"wp-block-media-text__media\"><img loading=\"lazy\" decoding=\"async\" width=\"290\" height=\"190\" src=\"https:\/\/www.nursingtherapistsexcellence.org\/wp-content\/uploads\/2024\/10\/Latest-News2-1.png\" alt=\"\" class=\"wp-image-133 size-full\"\/><\/figure><\/div>\n\n\n\n<h2 class=\"wp-block-heading\">\u0531\u0580\u056a\u0565\u0584\u0576\u0565\u0580\u0568<\/h2>\n\n\n\n<ul class=\"wp-block-list\">\n<li><strong>\u0533\u0565\u0580\u0561\u0566\u0561\u0576\u0581\u0578\u0582\u0569\u0575\u0578\u0582\u0576&nbsp;<\/strong><br>\u0544\u0565\u0576\u0584 \u0574\u0577\u057f\u0561\u057a\u0565\u057d \u0571\u0563\u057f\u0578\u0582\u0574 \u0565\u0576\u0584 \u0563\u0565\u0580\u0561\u0566\u0561\u0576\u0581\u0578\u0582\u0569\u0575\u0561\u0576 \u0574\u0565\u0580 \u0562\u0578\u056c\u0578\u0580 \u0563\u0578\u0580\u056e\u0578\u0572\u0578\u0582\u0569\u0575\u0578\u0582\u0576\u0576\u0565\u0580\u0578\u0582\u0574\u055d \u0561\u057c\u0561\u057b\u0561\u0580\u056f\u0565\u056c\u0578\u057e \u0561\u0574\u0565\u0576\u0561\u0562\u0561\u0580\u0571\u0580 \u0578\u0580\u0561\u056f\u056b \u0578\u0582\u057d\u0578\u0582\u0574\u0576\u0561\u056f\u0561\u0576 \u056e\u0580\u0561\u0563\u0580\u0565\u0580 \u0587 \u056d\u0580\u0561\u056d\u0578\u0582\u057d\u0565\u056c\u0578\u057e \u0574\u0565\u0580 \u057d\u0578\u057e\u0578\u0580\u0578\u0572\u0576\u0565\u0580\u056b\u0576 \u0570\u0561\u057d\u0576\u0565\u056c \u056b\u0580\u0565\u0576\u0581 \u0561\u0574\u0562\u0578\u0572\u057b\u0561\u056f\u0561\u0576 \u0576\u0565\u0580\u0578\u0582\u056a\u056b\u0576:<\/li>\n\n\n\n<li><strong>\u0531\u0566\u0576\u057e\u0578\u0582\u0569\u0575\u0578\u0582\u0576 &nbsp;<\/strong><br>\u0544\u0565\u0580 \u0561\u0577\u056d\u0561\u057f\u0561\u0576\u0584\u0568 \u0572\u0565\u056f\u0561\u057e\u0561\u0580\u057e\u0578\u0582\u0574 \u0567 \u0561\u0574\u0578\u0582\u0580 \u0567\u0569\u056b\u056f\u0561\u056f\u0561\u0576 \u0587 \u0562\u0561\u0580\u0578\u0575\u0561\u056f\u0561\u0576 \u057d\u056f\u0566\u0562\u0578\u0582\u0576\u0584\u0576\u0565\u0580\u0578\u057e: \u0544\u0565\u0576\u0584 \u0563\u0578\u0580\u056e\u0578\u0582\u0574 \u0565\u0576\u0584 \u0561\u0566\u0576\u057e\u0578\u0582\u0569\u0575\u0561\u0574\u0562, \u0569\u0561\u0583\u0561\u0576\u0581\u056b\u056f\u0578\u0582\u0569\u0575\u0561\u0574\u0562 \u0587 \u0570\u0561\u0580\u0563\u0561\u0576\u0584\u0578\u057e\u055d \u0574\u0565\u0580 \u057d\u0578\u057e\u0578\u0580\u0578\u0572\u0576\u0565\u0580\u056b, \u0563\u0578\u0580\u056e\u0568\u0576\u056f\u0565\u0580\u0576\u0565\u0580\u056b \u0587 \u0570\u0561\u057d\u0561\u0580\u0561\u056f\u0578\u0582\u0569\u0575\u0561\u0576 \u0576\u056f\u0561\u057f\u0574\u0561\u0574\u0562:<\/li>\n\n\n\n<li><strong>\u0540\u0561\u0574\u0561\u0563\u0578\u0580\u056e\u0561\u056f\u0581\u0578\u0582\u0569\u0575\u0578\u0582\u0576 &nbsp;<\/strong><br>\u0544\u0565\u0576\u0584 \u0570\u0561\u057e\u0561\u057f\u0578\u0582\u0574 \u0565\u0576\u0584 \u0570\u0561\u0574\u0561\u0563\u0578\u0580\u056e\u0561\u056f\u0581\u0578\u0582\u0569\u0575\u0561\u0576 \u0587 \u0563\u0578\u0580\u056e\u0568\u0576\u056f\u0565\u0580\u0578\u0582\u0569\u0575\u0561\u0576 \u0578\u0582\u056a\u056b\u0576: \u0544\u0565\u0576\u0584 \u057d\u0565\u0580\u057f\u0578\u0580\u0565\u0576 \u0570\u0561\u0574\u0561\u0563\u0578\u0580\u056e\u0561\u056f\u0581\u0578\u0582\u0574 \u0565\u0576\u0584 \u0574\u0565\u0580 \u0561\u0566\u0563\u0561\u0575\u056b\u0576 \u0587 \u0574\u056b\u057b\u0561\u0566\u0563\u0561\u0575\u056b\u0576 \u0563\u0578\u0580\u056e\u0568\u0576\u056f\u0565\u0580\u0576\u0565\u0580\u056b, \u0561\u057c\u0578\u0572\u057b\u0561\u057a\u0561\u0570\u0561\u056f\u0561\u0576 \u0570\u0561\u057d\u057f\u0561\u057f\u0578\u0582\u0569\u0575\u0578\u0582\u0576\u0576\u0565\u0580\u056b \u0587 \u057a\u0565\u057f\u0561\u056f\u0561\u0576 \u056f\u0561\u057c\u0578\u0582\u0575\u0581\u0576\u0565\u0580\u056b \u0570\u0565\u057f\u055d \u0562\u0561\u057e\u0561\u0580\u0561\u0580\u0565\u056c\u0578\u0582 \u0561\u057c\u0578\u0572\u057b\u0561\u057a\u0561\u0570\u0578\u0582\u0569\u0575\u0561\u0576 \u0578\u056c\u0578\u0580\u057f\u056b \u0578\u0582\u057d\u0578\u0582\u0574\u0576\u0561\u056f\u0561\u0576 \u056f\u0561\u0580\u056b\u0584\u0576\u0565\u0580\u0568:<\/li>\n\n\n\n<li><strong>\u0546\u0578\u0580\u0561\u0580\u0561\u0580\u0578\u0582\u0569\u0575\u0578\u0582\u0576 &nbsp;<\/strong><br>\u0544\u0565\u0576\u0584 \u0562\u0561\u0581 \u0565\u0576\u0584 \u0583\u0578\u0583\u0578\u056d\u0578\u0582\u0569\u0575\u0578\u0582\u0576\u0576\u0565\u0580\u056b \u0587 \u0576\u0578\u0580\u0561\u0580\u0561\u0580\u0578\u0582\u0569\u0575\u0561\u0576 \u0561\u057c\u0561\u057b\u055d \u0574\u0577\u057f\u0561\u057a\u0565\u057d \u0578\u0580\u0578\u0576\u0565\u056c\u0578\u057e \u0576\u0578\u0580 \u0573\u0561\u0576\u0561\u057a\u0561\u0580\u0570\u0576\u0565\u0580 \u0574\u0565\u0580 \u0578\u0582\u057d\u0578\u0582\u0574\u0576\u0561\u056f\u0561\u0576 \u056e\u0580\u0561\u0563\u0580\u0565\u0580\u056b \u056f\u0561\u057f\u0561\u0580\u0565\u056c\u0561\u0563\u0578\u0580\u056e\u0574\u0561\u0576 \u0587 \u0574\u0565\u0580 \u056f\u0580\u0569\u0561\u056f\u0561\u0576 \u057a\u0580\u0561\u056f\u057f\u056b\u056f\u0561\u0575\u0578\u0582\u0574 \u057e\u0565\u0580\u057b\u056b\u0576 \u057f\u0565\u056d\u0576\u0578\u056c\u0578\u0563\u056b\u0561\u056f\u0561\u0576 \u0587 \u0563\u056b\u057f\u0561\u056f\u0561\u0576 \u0571\u0565\u057c\u0584\u0562\u0565\u0580\u0578\u0582\u0574\u0576\u0565\u0580\u056b \u0576\u0565\u0580\u0564\u0580\u0574\u0561\u0576 \u0570\u0561\u0574\u0561\u0580:<\/li>\n\n\n\n<li><strong>\u0540\u0561\u057e\u0561\u057f\u0561\u0580\u0574\u0578\u0582\u0569\u0575\u0578\u0582\u0576, &nbsp;<\/strong><br> \u0544\u0565\u0576\u0584 \u0570\u056b\u057e\u0561\u0576\u0564\u056b\u0576 \u0564\u0576\u0578\u0582\u0574 \u0565\u0576\u0584 \u0574\u0565\u0580 \u0562\u0578\u056c\u0578\u0580 \u0563\u0578\u0580\u056e\u0578\u0572\u0578\u0582\u0569\u0575\u0578\u0582\u0576\u0576\u0565\u0580\u056b \u056f\u0565\u0576\u057f\u0580\u0578\u0576\u0578\u0582\u0574: \u0544\u0565\u0576\u0584 \u057a\u0561\u057f\u0580\u0561\u057d\u057f\u0578\u0582\u0574 \u0565\u0576\u0584 \u0574\u0565\u0580 \u057d\u0578\u057e\u0578\u0580\u0578\u0572\u0576\u0565\u0580\u056b\u0576 \u057f\u0580\u0561\u0574\u0561\u0564\u0580\u0565\u056c \u057a\u0561\u0581\u056b\u0565\u0576\u057f\u0561\u056f\u0565\u0576\u057f\u0580\u0578\u0576 \u056d\u0576\u0561\u0574\u0584\u055d \u0570\u0578\u0563\u0561\u057f\u0561\u0580\u0578\u0582\u0569\u0575\u0561\u0574\u0562, \u0578\u0582\u0577\u0561\u0564\u0580\u0578\u0582\u0569\u0575\u0561\u0574\u0562 \u0587 \u0574\u0561\u0580\u0564\u0578\u0582 \u0561\u0580\u056a\u0561\u0576\u0561\u057a\u0561\u057f\u057e\u0578\u0582\u0569\u0575\u0561\u0576 \u0576\u056f\u0561\u057f\u0574\u0561\u0574\u0562 \u0570\u0561\u0580\u0563\u0561\u0576\u0584\u0578\u057e:<\/li>\n<\/ul>\n\n\n\n<div class=\"wp-block-media-text is-stacked-on-mobile\"><figure class=\"wp-block-media-text__media\"><img loading=\"lazy\" decoding=\"async\" width=\"617\" height=\"398\" src=\"https:\/\/www.nursingtherapistsexcellence.org\/wp-content\/uploads\/2024\/10\/Latest-News1-1.png\" alt=\"\" class=\"wp-image-131 size-full\" srcset=\"https:\/\/www.nursingtherapistsexcellence.org\/wp-content\/uploads\/2024\/10\/Latest-News1-1.png 617w, https:\/\/www.nursingtherapistsexcellence.org\/wp-content\/uploads\/2024\/10\/Latest-News1-1-300x194.png 300w, https:\/\/www.nursingtherapistsexcellence.org\/wp-content\/uploads\/2024\/10\/Latest-News1-1-600x387.png 600w\" sizes=\"auto, (max-width: 617px) 100vw, 617px\" \/><\/figure><div class=\"wp-block-media-text__content\">\n<h2 class=\"wp-block-heading\">Notre vision<\/h2>\n\n\n\n<p>Nous visons \u00e0 renforcer les professionnels de la sant\u00e9 et des services sociaux gr\u00e2ce \u00e0 des programmes \u00e9ducatifs innovants et fond\u00e9s sur des preuves. Nos priorit\u00e9s incluent la fourniture de ressources de haute qualit\u00e9, la cr\u00e9ation d\u2019un environnement d\u2019apprentissage inclusif et la promotion du d\u00e9veloppement professionnel et personnel.<\/p>\n\n\n\n<p><br>En am\u00e9liorant continuellement notre approche \u00e9ducative, nous contribuons \u00e0 la p\u00e9rennit\u00e9 du syst\u00e8me de sant\u00e9 et \u00e9tablissons de nouvelles normes pour la formation continue.<\/p>\n<\/div><\/div>\n\n\n\n<p><\/p>\n","protected":false},"excerpt":{"rendered":"<p>\u0548\u057e \u0565\u0576\u0584 \u0574\u0565\u0576\u0584 \u00ab\u0532\u0578\u0582\u056a\u0584\u0578\u0582\u0575\u0580\u0565\u0580\u056b \u0587 \u0539\u0565\u0580\u0561\u057a\u056b\u057d\u057f\u0576\u0565\u0580\u056b \u0563\u0565\u0580\u0561\u0566\u0561\u0576\u0581\u0578\u0582\u0569\u0575\u0561\u0576 \u056f\u0565\u0576\u057f\u0580\u0578\u0576\u00bb-\u0568 \u0561\u057c\u0578\u0572\u057b\u0561\u057a\u0561\u0570\u0578\u0582\u0569\u0575\u0561\u0576 \u0578\u056c\u0578\u0580\u057f\u0578\u0582\u0574 \u0574\u0561\u057d\u0576\u0561\u0563\u056b\u057f\u0561\u056f\u0561\u0576 \u0577\u0561\u0580\u0578\u0582\u0576\u0561\u056f\u0561\u056f\u0561\u0576 \u056f\u0580\u0569\u0578\u0582\u0569\u0575\u0561\u0576 \u056f\u0565\u0576\u057f\u0580\u0578\u0576 \u0567` \u0578\u0582\u0572\u0572\u057e\u0561\u056e \u0540\u0561\u0575\u0561\u057d\u057f\u0561\u0576\u056b \u0570\u0561\u0576\u0580\u0561\u057a\u0565\u057f\u0578\u0582\u0569\u0575\u0578\u0582\u0576\u0578\u0582\u0574 \u0562\u0578\u0582\u056a\u0584\u0578\u0582\u0575\u0580\u0565\u0580\u056b, \u057f\u0565\u056d\u0576\u056b\u056f\u0576\u0565\u0580\u056b, [&hellip;]<\/p>\n","protected":false},"author":1,"featured_media":0,"parent":0,"menu_order":0,"comment_status":"closed","ping_status":"closed","template":"full-width.php","meta":{"footnotes":""},"class_list":["post-291","page","type-page","status-publish","hentry"],"_links":{"self":[{"href":"https:\/\/www.nursingtherapistsexcellence.org\/fr\/wp-json\/wp\/v2\/pages\/291","targetHints":{"allow":["GET"]}}],"collection":[{"href":"https:\/\/www.nursingtherapistsexcellence.org\/fr\/wp-json\/wp\/v2\/pages"}],"about":[{"href":"https:\/\/www.nursingtherapistsexcellence.org\/fr\/wp-json\/wp\/v2\/types\/page"}],"author":[{"embeddable":true,"href":"https:\/\/www.nursingtherapistsexcellence.org\/fr\/wp-json\/wp\/v2\/users\/1"}],"replies":[{"embeddable":true,"href":"https:\/\/www.nursingtherapistsexcellence.org\/fr\/wp-json\/wp\/v2\/comments?post=291"}],"version-history":[{"count":13,"href":"https:\/\/www.nursingtherapistsexcellence.org\/fr\/wp-json\/wp\/v2\/pages\/291\/revisions"}],"predecessor-version":[{"id":465,"href":"https:\/\/www.nursingtherapistsexcellence.org\/fr\/wp-json\/wp\/v2\/pages\/291\/revisions\/465"}],"wp:attachment":[{"href":"https:\/\/www.nursingtherapistsexcellence.org\/fr\/wp-json\/wp\/v2\/media?parent=291"}],"curies":[{"name":"wp","href":"https:\/\/api.w.org\/{rel}","templated":true}]}}